{"id":113,"date":"2020-09-23T10:58:49","date_gmt":"2020-09-23T10:58:49","guid":{"rendered":"https:\/\/www.panetta-id.de\/?page_id=113"},"modified":"2020-10-07T17:39:11","modified_gmt":"2020-10-07T17:39:11","slug":"dms","status":"publish","type":"page","link":"https:\/\/www.panetta-id.de\/index.php\/dms\/","title":{"rendered":"DMS"},"content":{"rendered":"<div class=\"post-content\">\n<div id=\"rise-blocks-section-block-instance-0-3437ca7-26a-e26b-26bc-d1e62d58f6b\" class=\"wp-block-rise-blocks-section\"><div class=\"rise-blocks-full-width rise-blocks-section-wrapper\"><div class=\"rise-blocks-section-overlay\"><\/div><div class=\"rise-blocks-section-inner\">\n<h2 class=\"has-text-align-left wp-block-heading\"><\/h2>\n\n\n\n<div class=\"wp-block-media-text alignwide has-media-on-the-right is-stacked-on-mobile\"><figure class=\"wp-block-media-text__media\"><img decoding=\"async\" loading=\"lazy\" width=\"1024\" height=\"683\" src=\"https:\/\/www.panetta-id.de\/wp-content\/uploads\/2020\/09\/archive-1850170_1920-1024x683.jpg\" alt=\"\" class=\"wp-image-106\" srcset=\"https:\/\/www.panetta-id.de\/wp-content\/uploads\/2020\/09\/archive-1850170_1920-1024x683.jpg 1024w, https:\/\/www.panetta-id.de\/wp-content\/uploads\/2020\/09\/archive-1850170_1920-300x200.jpg 300w, https:\/\/www.panetta-id.de\/wp-content\/uploads\/2020\/09\/archive-1850170_1920-768x512.jpg 768w, https:\/\/www.panetta-id.de\/wp-content\/uploads\/2020\/09\/archive-1850170_1920-1536x1024.jpg 1536w, https:\/\/www.panetta-id.de\/wp-content\/uploads\/2020\/09\/archive-1850170_1920.jpg 1920w\" sizes=\"(max-width: 1024px) 100vw, 1024px\" \/><\/figure><div class=\"wp-block-media-text__content\">\n<h2 class=\"wp-block-heading\">DMS<\/h2>\n\n\n\n<p><strong>Der Begriff Dokumentenmanagement (auch Dokumentenverwaltungssystem) bezeichnet die datenbankgest\u00fctzte Verwaltung elektronischer Dokumente. Dabei ist in der deutschen Sprache auch die Verwaltung digitalisierter, urspr\u00fcnglich papiergebundener Schriftst\u00fccke in elektronischen Systemen gemeint und wird in einem erweiterten Sinn auch als Branchenbezeichnung verwendet.<\/strong><\/p>\n\n\n\n<p><strong>DMS bedeutet kurz gesagt die Verwaltung von Papierdokumenten mittels Software.<\/strong><\/p>\n\n\n\n<p><strong>Selbstverst\u00e4ndlich gibt es aber auch noch tiefer gehende Aspekte, wie z.B. die GoBD &amp; DSGVO Konformit\u00e4t, ein mehrstufiges L\u00f6schkonzept und eine Volltextsuche.<\/strong><\/p>\n<\/div><\/div>\n<\/div><\/div><\/div>\n<\/div>","protected":false},"excerpt":{"rendered":"<div class=\"entry-content-stat post-content\"><\/div>","protected":false},"author":1,"featured_media":0,"parent":0,"menu_order":0,"comment_status":"closed","ping_status":"closed","template":"","meta":[],"rise-blocks_excerpt":"","_links":{"self":[{"href":"https:\/\/www.panetta-id.de\/index.php\/wp-json\/wp\/v2\/pages\/113"}],"collection":[{"href":"https:\/\/www.panetta-id.de\/index.php\/wp-json\/wp\/v2\/pages"}],"about":[{"href":"https:\/\/www.panetta-id.de\/index.php\/wp-json\/wp\/v2\/types\/page"}],"author":[{"embeddable":true,"href":"https:\/\/www.panetta-id.de\/index.php\/wp-json\/wp\/v2\/users\/1"}],"replies":[{"embeddable":true,"href":"https:\/\/www.panetta-id.de\/index.php\/wp-json\/wp\/v2\/comments?post=113"}],"version-history":[{"count":12,"href":"https:\/\/www.panetta-id.de\/index.php\/wp-json\/wp\/v2\/pages\/113\/revisions"}],"predecessor-version":[{"id":1987,"href":"https:\/\/www.panetta-id.de\/index.php\/wp-json\/wp\/v2\/pages\/113\/revisions\/1987"}],"wp:attachment":[{"href":"https:\/\/www.panetta-id.de\/index.php\/wp-json\/wp\/v2\/media?parent=113"}],"curies":[{"name":"wp","href":"https:\/\/api.w.org\/{rel}","templated":true}]}}