{"id":123,"date":"2020-09-23T12:22:37","date_gmt":"2020-09-23T12:22:37","guid":{"rendered":"https:\/\/www.panetta-id.de\/?page_id=123"},"modified":"2020-10-03T16:39:20","modified_gmt":"2020-10-03T16:39:20","slug":"datensicherung","status":"publish","type":"page","link":"https:\/\/www.panetta-id.de\/index.php\/datensicherung\/","title":{"rendered":"Datensicherung"},"content":{"rendered":"<div class=\"post-content\">\n<div id=\"rise-blocks-section-block-instance-0-a8d4c-b1-e815-fba1-6b066b58b76c\" class=\"wp-block-rise-blocks-section\"><div class=\"rise-blocks-full-width rise-blocks-section-wrapper\"><div class=\"rise-blocks-section-overlay\"><\/div><div class=\"rise-blocks-section-inner\">\n<div class=\"wp-block-media-text alignwide has-media-on-the-right is-stacked-on-mobile\"><figure class=\"wp-block-media-text__media\"><img decoding=\"async\" loading=\"lazy\" width=\"1024\" height=\"576\" src=\"https:\/\/www.panetta-id.de\/wp-content\/uploads\/2020\/09\/data-recovery-3126989_1920-1-1024x576.jpg\" alt=\"\" class=\"wp-image-124\" srcset=\"https:\/\/www.panetta-id.de\/wp-content\/uploads\/2020\/09\/data-recovery-3126989_1920-1-1024x576.jpg 1024w, https:\/\/www.panetta-id.de\/wp-content\/uploads\/2020\/09\/data-recovery-3126989_1920-1-300x169.jpg 300w, https:\/\/www.panetta-id.de\/wp-content\/uploads\/2020\/09\/data-recovery-3126989_1920-1-768x432.jpg 768w, https:\/\/www.panetta-id.de\/wp-content\/uploads\/2020\/09\/data-recovery-3126989_1920-1-1536x864.jpg 1536w, https:\/\/www.panetta-id.de\/wp-content\/uploads\/2020\/09\/data-recovery-3126989_1920-1.jpg 1920w\" sizes=\"(max-width: 1024px) 100vw, 1024px\" \/><\/figure><div class=\"wp-block-media-text__content\">\n<h2 class=\"wp-block-heading\">Datensicherung<\/h2>\n\n\n\n<p><strong>Ob private, oder beruflich relevante Daten &#8211; deren Sicherheit und Verf\u00fcgbarkeit zu gew\u00e4hrleisten ist heute wichtiger denn je.<\/strong><\/p>\n\n\n\n<p><strong>Nicht nur die letzten Urlaubsfotos m\u00fcssen sicher aufbewahrt werden, sondern auch wichtige, pers\u00f6nliche Daten bis hin zur letzten Steuererkl\u00e4rung.<\/strong><\/p>\n\n\n\n<p><strong>Im Falle eines Versagens der Hardware muss trotzdem sichergestellt sein, dass die Daten wieder hergestellt, oder zumindest von der letzten Sicherung kopiert werden k\u00f6nnen.<\/strong><\/p>\n<\/div><\/div>\n<\/div><\/div><\/div>\n<\/div>","protected":false},"excerpt":{"rendered":"<div class=\"entry-content-stat post-content\"><\/div>","protected":false},"author":1,"featured_media":0,"parent":0,"menu_order":0,"comment_status":"closed","ping_status":"closed","template":"","meta":[],"rise-blocks_excerpt":"","_links":{"self":[{"href":"https:\/\/www.panetta-id.de\/index.php\/wp-json\/wp\/v2\/pages\/123"}],"collection":[{"href":"https:\/\/www.panetta-id.de\/index.php\/wp-json\/wp\/v2\/pages"}],"about":[{"href":"https:\/\/www.panetta-id.de\/index.php\/wp-json\/wp\/v2\/types\/page"}],"author":[{"embeddable":true,"href":"https:\/\/www.panetta-id.de\/index.php\/wp-json\/wp\/v2\/users\/1"}],"replies":[{"embeddable":true,"href":"https:\/\/www.panetta-id.de\/index.php\/wp-json\/wp\/v2\/comments?post=123"}],"version-history":[{"count":9,"href":"https:\/\/www.panetta-id.de\/index.php\/wp-json\/wp\/v2\/pages\/123\/revisions"}],"predecessor-version":[{"id":1849,"href":"https:\/\/www.panetta-id.de\/index.php\/wp-json\/wp\/v2\/pages\/123\/revisions\/1849"}],"wp:attachment":[{"href":"https:\/\/www.panetta-id.de\/index.php\/wp-json\/wp\/v2\/media?parent=123"}],"curies":[{"name":"wp","href":"https:\/\/api.w.org\/{rel}","templated":true}]}}