{"id":137,"date":"2020-09-23T12:53:29","date_gmt":"2020-09-23T12:53:29","guid":{"rendered":"https:\/\/www.panetta-id.de\/?page_id=137"},"modified":"2020-09-23T12:55:25","modified_gmt":"2020-09-23T12:55:25","slug":"vpn","status":"publish","type":"page","link":"https:\/\/www.panetta-id.de\/index.php\/vpn\/","title":{"rendered":"VPN"},"content":{"rendered":"<div class=\"post-content\">\n<h2 class=\"wp-block-heading\">VPN<\/h2>\n\n\n\n<div class=\"wp-block-image\"><figure class=\"alignright is-resized\"><img decoding=\"async\" src=\"https:\/\/www.panetta-id.de\/wp-content\/uploads\/2020\/09\/composition-4939258_1920-1024x577.jpg\" alt=\"\" width=\"400\"\/><\/figure><\/div>\n\n\n\n<p>Ihre sichere Verbindung.<\/p>\n\n\n\n<p>Ob Sie von unterwegs auf Ihre Daten und Services im B\u00fcro zugreifen m\u00f6chten, oder zwei Standorte \u00fcber eine sichere Verbindung verbunden sein m\u00fcssen &#8211; Virtual Private Network, oder kurz VPN ist die Antwort.<\/p>\n\n\n\n<p>Durch den Einsatz von open source Software ist h\u00f6chste Transparenz bei maximaler Sicherheit gew\u00e4hrleistet.<\/p>\n<\/div>","protected":false},"excerpt":{"rendered":"<div class=\"entry-content-stat post-content\"><p>VPN Ihre sichere Verbindung. Ob Sie von unterwegs auf Ihre<\/p>\n<\/div><a href=\"https:\/\/www.panetta-id.de\/index.php\/vpn\/\">Read More<i class=\"fa fa-long-arrow-right\" aria-hidden=\"true\"><\/i><\/a>","protected":false},"author":1,"featured_media":0,"parent":0,"menu_order":0,"comment_status":"closed","ping_status":"closed","template":"","meta":[],"rise-blocks_excerpt":"VPN Ihre sichere Verbindung. Ob Sie von unterwegs auf Ihre Daten und Services im B\u00fcro zugreifen m\u00f6chten, oder zwei Standorte \u00fcber eine sichere Verbindung verbunden sein m\u00fcssen &#8211; Virtual Private Network, oder kurz VPN ist die Antwort. Durch den Einsatz von open source Software ist h\u00f6chste Transparenz bei maximaler Sicherheit gew\u00e4hrleistet.","_links":{"self":[{"href":"https:\/\/www.panetta-id.de\/index.php\/wp-json\/wp\/v2\/pages\/137"}],"collection":[{"href":"https:\/\/www.panetta-id.de\/index.php\/wp-json\/wp\/v2\/pages"}],"about":[{"href":"https:\/\/www.panetta-id.de\/index.php\/wp-json\/wp\/v2\/types\/page"}],"author":[{"embeddable":true,"href":"https:\/\/www.panetta-id.de\/index.php\/wp-json\/wp\/v2\/users\/1"}],"replies":[{"embeddable":true,"href":"https:\/\/www.panetta-id.de\/index.php\/wp-json\/wp\/v2\/comments?post=137"}],"version-history":[{"count":3,"href":"https:\/\/www.panetta-id.de\/index.php\/wp-json\/wp\/v2\/pages\/137\/revisions"}],"predecessor-version":[{"id":141,"href":"https:\/\/www.panetta-id.de\/index.php\/wp-json\/wp\/v2\/pages\/137\/revisions\/141"}],"wp:attachment":[{"href":"https:\/\/www.panetta-id.de\/index.php\/wp-json\/wp\/v2\/media?parent=137"}],"curies":[{"name":"wp","href":"https:\/\/api.w.org\/{rel}","templated":true}]}}