{"id":1682,"date":"2020-09-29T18:10:23","date_gmt":"2020-09-29T18:10:23","guid":{"rendered":"https:\/\/www.panetta-id.de\/?page_id=1682"},"modified":"2020-10-07T17:43:59","modified_gmt":"2020-10-07T17:43:59","slug":"netzwerke","status":"publish","type":"page","link":"https:\/\/www.panetta-id.de\/index.php\/netzwerke\/","title":{"rendered":"Netzwerke"},"content":{"rendered":"<div class=\"post-content\">\n<div id=\"rise-blocks-section-block-instance-0-72d2f66-2b25-b5b-8d64-feb310b648ab\" class=\"wp-block-rise-blocks-section\"><div class=\"rise-blocks-full-width rise-blocks-section-wrapper\"><div class=\"rise-blocks-section-overlay\"><\/div><div class=\"rise-blocks-section-inner\">\n<div style=\"height:200px\" aria-hidden=\"true\" class=\"wp-block-spacer\"><\/div>\n<\/div><\/div><\/div>\n\n\n\n<div id=\"rise-blocks-section-block-instance-1-d40333a-20a5-fdae-ed0-ac73aa4db0f0\" class=\"wp-block-rise-blocks-section\"><div class=\"rise-blocks-full-width rise-blocks-section-wrapper\"><div class=\"rise-blocks-section-overlay\"><\/div><div class=\"rise-blocks-section-inner\">\n<h2 class=\"wp-block-heading\">Netzwerke<\/h2>\n\n\n\n<p id=\"block-2c2bef97-d52b-4c1b-a345-567d3d42aceb\"><strong>Wir verbinden Ihre IT.<br>Ob klassisch kabelgebunden mit Netzwerkanschlussdosen, per WLAN oder \u00fcber die vorhandenen Stromleitungen &#8211; wir realisieren die Kommunikation Ihrer IT.<\/strong><\/p>\n\n\n\n<p><strong>PCs, Drucker, Scanner, Fernseher, Mobiltelefone und Tablets &#8211; praktisch jedes Ger\u00e4t in unserem Alltag besitzt eine Netzwerkschnittstelle und damit auch die F\u00e4higkeit zur Kommunikation.<\/strong><\/p>\n\n\n\n<p><strong>Sie ben\u00f6tigen eine klassische Verkabelung oder m\u00f6chten in Ihrem zu Hause oder B\u00fcro an jedem Punkt ein optimales WLAN-Signal?<br>Kein Problem! Sprechen Sie uns einfach an<\/strong><\/p>\n<\/div><\/div><\/div>\n\n\n\n<div class=\"wp-block-image\"><figure class=\"aligncenter size-large\"><img decoding=\"async\" loading=\"lazy\" width=\"200\" height=\"147\" src=\"https:\/\/www.panetta-id.de\/wp-content\/uploads\/2020\/10\/wi-fi.png\" alt=\"\" class=\"wp-image-1992\"\/><\/figure><\/div>\n<\/div>","protected":false},"excerpt":{"rendered":"<div class=\"entry-content-stat post-content\"><\/div>","protected":false},"author":1,"featured_media":0,"parent":0,"menu_order":0,"comment_status":"closed","ping_status":"closed","template":"","meta":[],"rise-blocks_excerpt":"","_links":{"self":[{"href":"https:\/\/www.panetta-id.de\/index.php\/wp-json\/wp\/v2\/pages\/1682"}],"collection":[{"href":"https:\/\/www.panetta-id.de\/index.php\/wp-json\/wp\/v2\/pages"}],"about":[{"href":"https:\/\/www.panetta-id.de\/index.php\/wp-json\/wp\/v2\/types\/page"}],"author":[{"embeddable":true,"href":"https:\/\/www.panetta-id.de\/index.php\/wp-json\/wp\/v2\/users\/1"}],"replies":[{"embeddable":true,"href":"https:\/\/www.panetta-id.de\/index.php\/wp-json\/wp\/v2\/comments?post=1682"}],"version-history":[{"count":33,"href":"https:\/\/www.panetta-id.de\/index.php\/wp-json\/wp\/v2\/pages\/1682\/revisions"}],"predecessor-version":[{"id":1996,"href":"https:\/\/www.panetta-id.de\/index.php\/wp-json\/wp\/v2\/pages\/1682\/revisions\/1996"}],"wp:attachment":[{"href":"https:\/\/www.panetta-id.de\/index.php\/wp-json\/wp\/v2\/media?parent=1682"}],"curies":[{"name":"wp","href":"https:\/\/api.w.org\/{rel}","templated":true}]}}